{"id":2634,"date":"2023-10-24T16:06:26","date_gmt":"2023-10-24T14:06:26","guid":{"rendered":"https:\/\/aquateratlantico.eu\/francesca-busana\/"},"modified":"2025-10-09T16:17:34","modified_gmt":"2025-10-09T14:17:34","slug":"francesca-busana","status":"publish","type":"page","link":"https:\/\/aquateratlantico.eu\/en\/francesca-busana\/","title":{"rendered":"Francesca Busana"},"content":{"rendered":"[vc_row type=&#8221;in_container&#8221; full_screen_row_position=&#8221;middle&#8221; column_margin=&#8221;default&#8221; equal_height=&#8221;yes&#8221; content_placement=&#8221;middle&#8221; column_direction=&#8221;default&#8221; column_direction_tablet=&#8221;default&#8221; column_direction_phone=&#8221;default&#8221; scene_position=&#8221;center&#8221; bottom_padding=&#8221;200px&#8221; text_color=&#8221;dark&#8221; text_align=&#8221;left&#8221; row_border_radius=&#8221;none&#8221; row_border_radius_applies=&#8221;bg&#8221; overflow=&#8221;visible&#8221; overlay_strength=&#8221;0.3&#8243; gradient_direction=&#8221;left_to_right&#8221; shape_divider_position=&#8221;bottom&#8221; bg_image_animation=&#8221;none&#8221; gradient_type=&#8221;default&#8221; shape_type=&#8221;&#8221;][vc_column column_padding=&#8221;no-extra-padding&#8221; column_padding_tablet=&#8221;inherit&#8221; column_padding_phone=&#8221;inherit&#8221; column_padding_position=&#8221;all&#8221; column_element_direction_desktop=&#8221;default&#8221; column_element_spacing=&#8221;default&#8221; desktop_text_alignment=&#8221;default&#8221; tablet_text_alignment=&#8221;default&#8221; phone_text_alignment=&#8221;default&#8221; background_color_opacity=&#8221;1&#8243; background_hover_color_opacity=&#8221;1&#8243; column_backdrop_filter=&#8221;none&#8221; column_shadow=&#8221;none&#8221; column_border_radius=&#8221;none&#8221; column_link_target=&#8221;_self&#8221; column_position=&#8221;default&#8221; gradient_direction=&#8221;left_to_right&#8221; overlay_strength=&#8221;0.3&#8243; width=&#8221;1\/2&#8243; tablet_width_inherit=&#8221;default&#8221; animation_type=&#8221;default&#8221; bg_image_animation=&#8221;none&#8221; border_type=&#8221;simple&#8221; column_border_width=&#8221;none&#8221; column_border_style=&#8221;solid&#8221;][image_with_animation image_url=&#8221;2607&#8243; image_size=&#8221;regular&#8221; max_width=&#8221;100%&#8221; max_width_mobile=&#8221;default&#8221; animation_type=&#8221;entrance&#8221; animation=&#8221;None&#8221; animation_movement_type=&#8221;transform_y&#8221; hover_animation=&#8221;none&#8221; alignment=&#8221;center&#8221; border_radius=&#8221;10px&#8221; box_shadow=&#8221;none&#8221; image_loading=&#8221;default&#8221;][\/vc_column][vc_column column_padding=&#8221;no-extra-padding&#8221; column_padding_tablet=&#8221;inherit&#8221; column_padding_phone=&#8221;inherit&#8221; column_padding_position=&#8221;all&#8221; column_element_direction_desktop=&#8221;default&#8221; column_element_spacing=&#8221;default&#8221; desktop_text_alignment=&#8221;default&#8221; tablet_text_alignment=&#8221;default&#8221; phone_text_alignment=&#8221;default&#8221; background_color_opacity=&#8221;1&#8243; background_hover_color_opacity=&#8221;1&#8243; column_backdrop_filter=&#8221;none&#8221; column_shadow=&#8221;none&#8221; column_border_radius=&#8221;none&#8221; column_link_target=&#8221;_self&#8221; column_position=&#8221;default&#8221; gradient_direction=&#8221;left_to_right&#8221; overlay_strength=&#8221;0.3&#8243; width=&#8221;1\/2&#8243; tablet_width_inherit=&#8221;default&#8221; animation_type=&#8221;default&#8221; bg_image_animation=&#8221;none&#8221; border_type=&#8221;simple&#8221; column_border_width=&#8221;none&#8221; column_border_style=&#8221;solid&#8221;][vc_column_text css=&#8221;&#8221; text_direction=&#8221;default&#8221;]\n<h1><span style=\"color: #014c87;\">Francesca Busana<\/span><\/h1>\n<h6><b><span lang=\"ES\">Finance Manager<\/span><\/b><\/h6>\n[\/vc_column_text][vc_column_text css=&#8221;&#8221; text_direction=&#8221;default&#8221;]\n<p class=\"\" data-start=\"182\" data-end=\"613\">Francesca has over 15 years of experience in IT, accounting, and finance. Throughout her career, she has worked across various sectors, acquiring extensive knowledge in administrative management, financial control, and process optimisation. Originally from Italy, she has been living in Tenerife, in the Canary Islands, for 18 years. In 2024, she joined Aquatera Atl\u00e1ntico to support office administration and financial management.<\/p>\n<p class=\"\" data-start=\"615\" data-end=\"772\">Her responsibilities include overseeing accounting activities, coordinating administrative processes, and providing financial support for project management.<\/p>\n[\/vc_column_text][\/vc_column][\/vc_row][vc_row type=&#8221;in_container&#8221; full_screen_row_position=&#8221;middle&#8221; column_margin=&#8221;default&#8221; column_direction=&#8221;default&#8221; column_direction_tablet=&#8221;default&#8221; column_direction_phone=&#8221;default&#8221; scene_position=&#8221;center&#8221; top_padding=&#8221;50px&#8221; text_color=&#8221;dark&#8221; text_align=&#8221;left&#8221; row_border_radius=&#8221;none&#8221; row_border_radius_applies=&#8221;bg&#8221; overflow=&#8221;visible&#8221; overlay_strength=&#8221;0.3&#8243; gradient_direction=&#8221;left_to_right&#8221; shape_divider_position=&#8221;bottom&#8221; bg_image_animation=&#8221;none&#8221; gradient_type=&#8221;default&#8221; shape_type=&#8221;&#8221;][vc_column column_padding=&#8221;no-extra-padding&#8221; column_padding_tablet=&#8221;inherit&#8221; column_padding_phone=&#8221;inherit&#8221; column_padding_position=&#8221;all&#8221; column_element_direction_desktop=&#8221;default&#8221; column_element_spacing=&#8221;default&#8221; desktop_text_alignment=&#8221;default&#8221; tablet_text_alignment=&#8221;default&#8221; phone_text_alignment=&#8221;default&#8221; background_color_opacity=&#8221;1&#8243; background_hover_color_opacity=&#8221;1&#8243; column_backdrop_filter=&#8221;none&#8221; column_shadow=&#8221;none&#8221; column_border_radius=&#8221;none&#8221; column_link_target=&#8221;_self&#8221; column_position=&#8221;default&#8221; gradient_direction=&#8221;left_to_right&#8221; overlay_strength=&#8221;0.3&#8243; width=&#8221;1\/4&#8243; tablet_width_inherit=&#8221;default&#8221; animation_type=&#8221;default&#8221; bg_image_animation=&#8221;none&#8221; border_type=&#8221;simple&#8221; column_border_width=&#8221;none&#8221; column_border_style=&#8221;solid&#8221; column_padding_type=&#8221;default&#8221; column_link=&#8221;https:\/\/aquateratlantico.eu\/en\/gaynor-jones\/&#8221; gradient_type=&#8221;default&#8221;][image_with_animation image_url=&#8221;349&#8243; image_size=&#8221;full&#8221; max_width=&#8221;100%&#8221; max_width_mobile=&#8221;default&#8221; animation_type=&#8221;entrance&#8221; animation=&#8221;None&#8221; animation_movement_type=&#8221;transform_y&#8221; hover_animation=&#8221;none&#8221; alignment=&#8221;&#8221; border_radius=&#8221;none&#8221; box_shadow=&#8221;none&#8221; image_loading=&#8221;default&#8221;][vc_column_text]\n<h5>Gaynor Jones<\/h5>\n<p>Director[\/vc_column_text][\/vc_column][vc_column column_padding=&#8221;no-extra-padding&#8221; column_padding_tablet=&#8221;inherit&#8221; column_padding_phone=&#8221;inherit&#8221; column_padding_position=&#8221;all&#8221; column_element_direction_desktop=&#8221;default&#8221; column_element_spacing=&#8221;default&#8221; desktop_text_alignment=&#8221;default&#8221; tablet_text_alignment=&#8221;default&#8221; phone_text_alignment=&#8221;default&#8221; background_color_opacity=&#8221;1&#8243; background_hover_color_opacity=&#8221;1&#8243; column_backdrop_filter=&#8221;none&#8221; column_shadow=&#8221;none&#8221; column_border_radius=&#8221;none&#8221; column_link_target=&#8221;_self&#8221; column_position=&#8221;default&#8221; gradient_direction=&#8221;left_to_right&#8221; overlay_strength=&#8221;0.3&#8243; width=&#8221;1\/4&#8243; tablet_width_inherit=&#8221;default&#8221; animation_type=&#8221;default&#8221; bg_image_animation=&#8221;none&#8221; border_type=&#8221;simple&#8221; column_border_width=&#8221;none&#8221; column_border_style=&#8221;solid&#8221; column_padding_type=&#8221;default&#8221; column_link=&#8221;https:\/\/aquateratlantico.eu\/en\/natalia-rojas\/&#8221; gradient_type=&#8221;default&#8221;][image_with_animation image_url=&#8221;350&#8243; image_size=&#8221;full&#8221; max_width=&#8221;100%&#8221; max_width_mobile=&#8221;default&#8221; animation_type=&#8221;entrance&#8221; animation=&#8221;None&#8221; animation_movement_type=&#8221;transform_y&#8221; hover_animation=&#8221;none&#8221; alignment=&#8221;&#8221; border_radius=&#8221;none&#8221; box_shadow=&#8221;none&#8221; image_loading=&#8221;default&#8221;][vc_column_text]\n<h5>Natalia Rojas<\/h5>\n<p>Project Manager[\/vc_column_text][\/vc_column][vc_column column_padding=&#8221;no-extra-padding&#8221; column_padding_tablet=&#8221;inherit&#8221; column_padding_phone=&#8221;inherit&#8221; column_padding_position=&#8221;all&#8221; column_element_direction_desktop=&#8221;default&#8221; column_element_spacing=&#8221;default&#8221; desktop_text_alignment=&#8221;default&#8221; tablet_text_alignment=&#8221;default&#8221; phone_text_alignment=&#8221;default&#8221; background_color_opacity=&#8221;1&#8243; background_hover_color_opacity=&#8221;1&#8243; column_backdrop_filter=&#8221;none&#8221; column_shadow=&#8221;none&#8221; column_border_radius=&#8221;none&#8221; column_link_target=&#8221;_self&#8221; column_position=&#8221;default&#8221; gradient_direction=&#8221;left_to_right&#8221; overlay_strength=&#8221;0.3&#8243; width=&#8221;1\/4&#8243; tablet_width_inherit=&#8221;default&#8221; animation_type=&#8221;default&#8221; bg_image_animation=&#8221;none&#8221; border_type=&#8221;simple&#8221; column_border_width=&#8221;none&#8221; column_border_style=&#8221;solid&#8221; column_padding_type=&#8221;default&#8221; column_link=&#8221;https:\/\/aquateratlantico.eu\/en\/xabier-remirez\/&#8221; gradient_type=&#8221;default&#8221;][image_with_animation image_url=&#8221;346&#8243; image_size=&#8221;full&#8221; max_width=&#8221;100%&#8221; max_width_mobile=&#8221;default&#8221; animation_type=&#8221;entrance&#8221; animation=&#8221;None&#8221; animation_movement_type=&#8221;transform_y&#8221; hover_animation=&#8221;none&#8221; alignment=&#8221;&#8221; border_radius=&#8221;none&#8221; box_shadow=&#8221;none&#8221; image_loading=&#8221;default&#8221;][vc_column_text]\n<h5>Xabier Remirez<\/h5>\n<p>Project Manager[\/vc_column_text][\/vc_column][vc_column column_padding=&#8221;no-extra-padding&#8221; column_padding_tablet=&#8221;inherit&#8221; column_padding_phone=&#8221;inherit&#8221; column_padding_position=&#8221;all&#8221; column_element_direction_desktop=&#8221;default&#8221; column_element_spacing=&#8221;default&#8221; desktop_text_alignment=&#8221;default&#8221; tablet_text_alignment=&#8221;default&#8221; phone_text_alignment=&#8221;default&#8221; background_color_opacity=&#8221;1&#8243; background_hover_color_opacity=&#8221;1&#8243; column_backdrop_filter=&#8221;none&#8221; column_shadow=&#8221;none&#8221; column_border_radius=&#8221;none&#8221; column_link_target=&#8221;_self&#8221; column_position=&#8221;default&#8221; gradient_direction=&#8221;left_to_right&#8221; overlay_strength=&#8221;0.3&#8243; width=&#8221;1\/4&#8243; tablet_width_inherit=&#8221;default&#8221; animation_type=&#8221;default&#8221; bg_image_animation=&#8221;none&#8221; border_type=&#8221;simple&#8221; column_border_width=&#8221;none&#8221; column_border_style=&#8221;solid&#8221; column_padding_type=&#8221;default&#8221; column_link=&#8221;\/en\/isa-walker\/&#8221; gradient_type=&#8221;default&#8221;][image_with_animation image_url=&#8221;3107&#8243; image_size=&#8221;full&#8221; max_width=&#8221;100%&#8221; max_width_mobile=&#8221;default&#8221; animation_type=&#8221;entrance&#8221; animation=&#8221;None&#8221; animation_movement_type=&#8221;transform_y&#8221; hover_animation=&#8221;none&#8221; alignment=&#8221;&#8221; border_radius=&#8221;10px&#8221; box_shadow=&#8221;none&#8221; image_loading=&#8221;default&#8221;][vc_column_text css=&#8221;&#8221; text_direction=&#8221;default&#8221;]\n<h5>Isa Walker<\/h5>\n<p>Consultora Senior[\/vc_column_text][\/vc_column][\/vc_row]\n","protected":false},"excerpt":{"rendered":"<p>[vc_row type=&#8221;in_container&#8221; full_screen_row_position=&#8221;middle&#8221; column_margin=&#8221;default&#8221; equal_height=&#8221;yes&#8221; content_placement=&#8221;middle&#8221; column_direction=&#8221;default&#8221; column_direction_tablet=&#8221;default&#8221; column_direction_phone=&#8221;default&#8221; scene_position=&#8221;center&#8221; bottom_padding=&#8221;200px&#8221; text_color=&#8221;dark&#8221; text_align=&#8221;left&#8221; row_border_radius=&#8221;none&#8221; row_border_radius_applies=&#8221;bg&#8221; overflow=&#8221;visible&#8221; overlay_strength=&#8221;0.3&#8243; gradient_direction=&#8221;left_to_right&#8221; shape_divider_position=&#8221;bottom&#8221; bg_image_animation=&#8221;none&#8221; gradient_type=&#8221;default&#8221; shape_type=&#8221;&#8221;][vc_column column_padding=&#8221;no-extra-padding&#8221; column_padding_tablet=&#8221;inherit&#8221; column_padding_phone=&#8221;inherit&#8221; column_padding_position=&#8221;all&#8221; column_element_direction_desktop=&#8221;default&#8221; column_element_spacing=&#8221;default&#8221; desktop_text_alignment=&#8221;default&#8221; tablet_text_alignment=&#8221;default&#8221;&#8230;<\/p>\n","protected":false},"author":1,"featured_media":0,"parent":0,"menu_order":0,"comment_status":"closed","ping_status":"closed","template":"","meta":{"footnotes":""},"class_list":["post-2634","page","type-page","status-publish"],"yoast_head":"<!-- This site is optimized with the Yoast SEO plugin v27.2 - https:\/\/yoast.com\/product\/yoast-seo-wordpress\/ -->\n<title>Francesca Busana - Aquatera Atl\u00e1ntico - Consultor\u00eda medioambiental<\/title>\n<meta name=\"description\" content=\"Especializada en apoyo medioambiental y operativo para actividades marinas, costeras y terrestres. Servicios de consultor\u00eda medioambiental, t\u00e9cnica, y operaciones marinas para sectores de la econom\u00eda azul\" \/>\n<meta name=\"robots\" content=\"index, follow, max-snippet:-1, max-image-preview:large, max-video-preview:-1\" \/>\n<link rel=\"canonical\" href=\"https:\/\/aquateratlantico.eu\/en\/francesca-busana\/\" \/>\n<meta property=\"og:locale\" content=\"en_US\" \/>\n<meta property=\"og:type\" content=\"article\" \/>\n<meta property=\"og:title\" content=\"Francesca Busana - Aquatera Atl\u00e1ntico - Consultor\u00eda medioambiental\" \/>\n<meta property=\"og:description\" content=\"Especializada en apoyo medioambiental y operativo para actividades marinas, costeras y terrestres. Servicios de consultor\u00eda medioambiental, t\u00e9cnica, y operaciones marinas para sectores de la econom\u00eda azul\" \/>\n<meta property=\"og:url\" content=\"https:\/\/aquateratlantico.eu\/en\/francesca-busana\/\" \/>\n<meta property=\"og:site_name\" content=\"Aquatera Atl\u00e1ntico - Consultor\u00eda medioambiental\" \/>\n<meta property=\"article:publisher\" content=\"https:\/\/www.facebook.com\/AquateraLtd\/\" \/>\n<meta property=\"article:modified_time\" content=\"2025-10-09T14:17:34+00:00\" \/>\n<meta name=\"twitter:card\" content=\"summary_large_image\" \/>\n<meta name=\"twitter:site\" content=\"@AquateraLtd\" \/>\n<meta name=\"twitter:label1\" content=\"Est. reading time\" \/>\n\t<meta name=\"twitter:data1\" content=\"2 minutes\" \/>\n<script type=\"application\/ld+json\" class=\"yoast-schema-graph\">{\"@context\":\"https:\/\/schema.org\",\"@graph\":[{\"@type\":\"WebPage\",\"@id\":\"https:\/\/aquateratlantico.eu\/en\/francesca-busana\/\",\"url\":\"https:\/\/aquateratlantico.eu\/en\/francesca-busana\/\",\"name\":\"Francesca Busana - Aquatera Atl\u00e1ntico - Consultor\u00eda medioambiental\",\"isPartOf\":{\"@id\":\"https:\/\/aquateratlantico.eu\/#website\"},\"datePublished\":\"2023-10-24T14:06:26+00:00\",\"dateModified\":\"2025-10-09T14:17:34+00:00\",\"description\":\"Especializada en apoyo medioambiental y operativo para actividades marinas, costeras y terrestres. Servicios de consultor\u00eda medioambiental, t\u00e9cnica, y operaciones marinas para sectores de la econom\u00eda azul\",\"breadcrumb\":{\"@id\":\"https:\/\/aquateratlantico.eu\/en\/francesca-busana\/#breadcrumb\"},\"inLanguage\":\"en-US\",\"potentialAction\":[{\"@type\":\"ReadAction\",\"target\":[\"https:\/\/aquateratlantico.eu\/en\/francesca-busana\/\"]}]},{\"@type\":\"BreadcrumbList\",\"@id\":\"https:\/\/aquateratlantico.eu\/en\/francesca-busana\/#breadcrumb\",\"itemListElement\":[{\"@type\":\"ListItem\",\"position\":1,\"name\":\"Portada\",\"item\":\"https:\/\/aquateratlantico.eu\/en\/\"},{\"@type\":\"ListItem\",\"position\":2,\"name\":\"Francesca Busana\"}]},{\"@type\":\"WebSite\",\"@id\":\"https:\/\/aquateratlantico.eu\/#website\",\"url\":\"https:\/\/aquateratlantico.eu\/\",\"name\":\"Aquatera - Environmental services and products\",\"description\":\"Especializada en apoyo medioambiental y operativo para actividades marinas, costeras y terrestres\",\"publisher\":{\"@id\":\"https:\/\/aquateratlantico.eu\/#organization\"},\"potentialAction\":[{\"@type\":\"SearchAction\",\"target\":{\"@type\":\"EntryPoint\",\"urlTemplate\":\"https:\/\/aquateratlantico.eu\/?s={search_term_string}\"},\"query-input\":{\"@type\":\"PropertyValueSpecification\",\"valueRequired\":true,\"valueName\":\"search_term_string\"}}],\"inLanguage\":\"en-US\"},{\"@type\":\"Organization\",\"@id\":\"https:\/\/aquateratlantico.eu\/#organization\",\"name\":\"Aquatera - Environmental services and products\",\"url\":\"https:\/\/aquateratlantico.eu\/\",\"logo\":{\"@type\":\"ImageObject\",\"inLanguage\":\"en-US\",\"@id\":\"https:\/\/aquateratlantico.eu\/#\/schema\/logo\/image\/\",\"url\":\"https:\/\/aquateratlantico.eu\/wp-content\/uploads\/2023\/10\/logo.png\",\"contentUrl\":\"https:\/\/aquateratlantico.eu\/wp-content\/uploads\/2023\/10\/logo.png\",\"width\":400,\"height\":76,\"caption\":\"Aquatera - Environmental services and products\"},\"image\":{\"@id\":\"https:\/\/aquateratlantico.eu\/#\/schema\/logo\/image\/\"},\"sameAs\":[\"https:\/\/www.facebook.com\/AquateraLtd\/\",\"https:\/\/x.com\/AquateraLtd\",\"https:\/\/www.linkedin.com\/company\/aquatera-limited\/\"]}]}<\/script>\n<!-- \/ Yoast SEO plugin. -->","yoast_head_json":{"title":"Francesca Busana - Aquatera Atl\u00e1ntico - Consultor\u00eda medioambiental","description":"Especializada en apoyo medioambiental y operativo para actividades marinas, costeras y terrestres. Servicios de consultor\u00eda medioambiental, t\u00e9cnica, y operaciones marinas para sectores de la econom\u00eda azul","robots":{"index":"index","follow":"follow","max-snippet":"max-snippet:-1","max-image-preview":"max-image-preview:large","max-video-preview":"max-video-preview:-1"},"canonical":"https:\/\/aquateratlantico.eu\/en\/francesca-busana\/","og_locale":"en_US","og_type":"article","og_title":"Francesca Busana - Aquatera Atl\u00e1ntico - Consultor\u00eda medioambiental","og_description":"Especializada en apoyo medioambiental y operativo para actividades marinas, costeras y terrestres. Servicios de consultor\u00eda medioambiental, t\u00e9cnica, y operaciones marinas para sectores de la econom\u00eda azul","og_url":"https:\/\/aquateratlantico.eu\/en\/francesca-busana\/","og_site_name":"Aquatera Atl\u00e1ntico - Consultor\u00eda medioambiental","article_publisher":"https:\/\/www.facebook.com\/AquateraLtd\/","article_modified_time":"2025-10-09T14:17:34+00:00","twitter_card":"summary_large_image","twitter_site":"@AquateraLtd","twitter_misc":{"Est. reading time":"2 minutes"},"schema":{"@context":"https:\/\/schema.org","@graph":[{"@type":"WebPage","@id":"https:\/\/aquateratlantico.eu\/en\/francesca-busana\/","url":"https:\/\/aquateratlantico.eu\/en\/francesca-busana\/","name":"Francesca Busana - Aquatera Atl\u00e1ntico - Consultor\u00eda medioambiental","isPartOf":{"@id":"https:\/\/aquateratlantico.eu\/#website"},"datePublished":"2023-10-24T14:06:26+00:00","dateModified":"2025-10-09T14:17:34+00:00","description":"Especializada en apoyo medioambiental y operativo para actividades marinas, costeras y terrestres. Servicios de consultor\u00eda medioambiental, t\u00e9cnica, y operaciones marinas para sectores de la econom\u00eda azul","breadcrumb":{"@id":"https:\/\/aquateratlantico.eu\/en\/francesca-busana\/#breadcrumb"},"inLanguage":"en-US","potentialAction":[{"@type":"ReadAction","target":["https:\/\/aquateratlantico.eu\/en\/francesca-busana\/"]}]},{"@type":"BreadcrumbList","@id":"https:\/\/aquateratlantico.eu\/en\/francesca-busana\/#breadcrumb","itemListElement":[{"@type":"ListItem","position":1,"name":"Portada","item":"https:\/\/aquateratlantico.eu\/en\/"},{"@type":"ListItem","position":2,"name":"Francesca Busana"}]},{"@type":"WebSite","@id":"https:\/\/aquateratlantico.eu\/#website","url":"https:\/\/aquateratlantico.eu\/","name":"Aquatera - Environmental services and products","description":"Especializada en apoyo medioambiental y operativo para actividades marinas, costeras y terrestres","publisher":{"@id":"https:\/\/aquateratlantico.eu\/#organization"},"potentialAction":[{"@type":"SearchAction","target":{"@type":"EntryPoint","urlTemplate":"https:\/\/aquateratlantico.eu\/?s={search_term_string}"},"query-input":{"@type":"PropertyValueSpecification","valueRequired":true,"valueName":"search_term_string"}}],"inLanguage":"en-US"},{"@type":"Organization","@id":"https:\/\/aquateratlantico.eu\/#organization","name":"Aquatera - Environmental services and products","url":"https:\/\/aquateratlantico.eu\/","logo":{"@type":"ImageObject","inLanguage":"en-US","@id":"https:\/\/aquateratlantico.eu\/#\/schema\/logo\/image\/","url":"https:\/\/aquateratlantico.eu\/wp-content\/uploads\/2023\/10\/logo.png","contentUrl":"https:\/\/aquateratlantico.eu\/wp-content\/uploads\/2023\/10\/logo.png","width":400,"height":76,"caption":"Aquatera - Environmental services and products"},"image":{"@id":"https:\/\/aquateratlantico.eu\/#\/schema\/logo\/image\/"},"sameAs":["https:\/\/www.facebook.com\/AquateraLtd\/","https:\/\/x.com\/AquateraLtd","https:\/\/www.linkedin.com\/company\/aquatera-limited\/"]}]}},"_links":{"self":[{"href":"https:\/\/aquateratlantico.eu\/en\/wp-json\/wp\/v2\/pages\/2634","targetHints":{"allow":["GET"]}}],"collection":[{"href":"https:\/\/aquateratlantico.eu\/en\/wp-json\/wp\/v2\/pages"}],"about":[{"href":"https:\/\/aquateratlantico.eu\/en\/wp-json\/wp\/v2\/types\/page"}],"author":[{"embeddable":true,"href":"https:\/\/aquateratlantico.eu\/en\/wp-json\/wp\/v2\/users\/1"}],"replies":[{"embeddable":true,"href":"https:\/\/aquateratlantico.eu\/en\/wp-json\/wp\/v2\/comments?post=2634"}],"version-history":[{"count":8,"href":"https:\/\/aquateratlantico.eu\/en\/wp-json\/wp\/v2\/pages\/2634\/revisions"}],"predecessor-version":[{"id":3121,"href":"https:\/\/aquateratlantico.eu\/en\/wp-json\/wp\/v2\/pages\/2634\/revisions\/3121"}],"wp:attachment":[{"href":"https:\/\/aquateratlantico.eu\/en\/wp-json\/wp\/v2\/media?parent=2634"}],"curies":[{"name":"wp","href":"https:\/\/api.w.org\/{rel}","templated":true}]}}