{"id":757,"date":"2023-10-24T13:27:57","date_gmt":"2023-10-24T11:27:57","guid":{"rendered":"https:\/\/aquateratlantico.eu\/?page_id=757"},"modified":"2023-12-12T11:27:40","modified_gmt":"2023-12-12T10:27:40","slug":"privacy-policy","status":"publish","type":"page","link":"https:\/\/aquateratlantico.eu\/en\/privacy-policy\/","title":{"rendered":"Privacy policy"},"content":{"rendered":"<h1><b>Privacy policy<\/b><\/h1>\n<p>This Privacy Policy regulates, in general, the collection and processing by Aquatera Atl\u00e1ntico of (i) the personal data that you provide to us as a user of the <a href=\"http:\/\/www.aquateratlantico.com\">www.aquateratlantico.com<\/a>\u00a0 website (hereinafter, &#8220;the Website&#8221;), including the services that are available through the Website at any given time; and (ii) other data collected through other collection systems duly identified below. This is without prejudice to the specific provisions set out in certain sections, forms or services available on the Website in order to provide you with the relevant information and, where appropriate, to obtain your consent.<\/p>\n<p>The user of the Website (hereinafter, the User), by providing Aquatera Atl\u00e1ntico with his\/her personal data through the electronic forms on the Website and contact section and, where appropriate, by ticking the corresponding acceptance box, expressly consents to Aquatera Atl\u00e1ntico processing such data under the terms of this clause of the Privacy and Data Protection Policy and for the purposes herein Expressed.<\/p>\n<p>Aquatera Atl\u00e1ntico informs the users of the Website that their personal data may only be obtained for processing when they are adequate, relevant and not excessive in relation to the specific, explicit and legitimate scope and purposes for which they have been obtained. They shall be deleted when they are no longer necessary or relevant for that purpose or when requested by the data subject in the exercise of his or her right of deletion.<\/p>\n<p>Aquatera Atl\u00e1ntico declares its commitment to comply with the legislation in force at all times in the field of data protection.<\/p>\n<p>The personal data provided will be processed by Aquatera Atl\u00e1ntico and will be used in accordance with the following information.<\/p>\n<p>&nbsp;<\/p>\n<p><b>What personal data do we collect through the Site?<\/b><\/p>\n<p>We may collect or receive your data through your visit to the Site or as a result of your interaction with us by completing and submitting the contact form or as a result of your interaction with us on our social media profile pages identified on the Site.<\/p>\n<p>In some cases, personal data is provided directly by the User when subscribing to our Newsletter or newsletter, when contacting us through the channels provided, responding to surveys, subscribing to our social network profiles or interacting with us through these profiles by means of comments, opinions or sharing the content published on each profile. In other cases, personal data is obtained indirectly from the User for purely statistical purposes in order to analyse the use made of our website through the use of cookies or to provide added value services such as the location map of our offices (See our Cookies Policy). The table below provides more detailed information on the processing of your personal data, including the following headings:<\/p>\n<ul>\n<li aria-level=\"1\">Primary purposes: This identifies the purpose for which we need to collect your data, i.e. why we process your information.<\/li>\n<li aria-level=\"1\">Legitimacy: The reason that enables us to process your data is detailed.<\/li>\n<li aria-level=\"1\">Retention periods: The specific retention period or the criteria that determine this period is identified.<\/li>\n<li aria-level=\"1\">Recipients: We identify, where appropriate, with whom we will legitimately share your data.<\/li>\n<li aria-level=\"1\">Rights of data subjects: We inform you of your rights as a data subject with regard to the processing of your personal data.<\/li>\n<li aria-level=\"1\">The fields of the contact form marked with an asterisk (*) included in the Page are considered obligatory fields in order to be able to deal with your request or the evaluation of the information you wish to provide us with. Likewise, if you do not accept the installation of cookies, you will not be able to activate the Page\u2019s analytics services or view the location map of our offices.<\/li>\n<li aria-level=\"1\">The contact details will be kept for as long as the relationship is maintained and their deletion is not requested. In relation to cookies, please consult our Cookies Policy to identify the validity of each cookie.<\/li>\n<li aria-level=\"1\">The data associated with your interaction in the corporate profiles of social networks will be kept for the period of time that you enable in said social network to your publications.<\/li>\n<\/ul>\n<p>&nbsp;<\/p>\n<p><b>INFORMATION ON PERSONAL DATA PROTECTION<\/b><\/p>\n<p>(In compliance with EU Regulation 2016\/679 on Data Protection)<\/p>\n<table>\n<tbody>\n<tr>\n<td><b>Data controller <\/b><\/td>\n<td>Aquatera Atl\u00e1ntico<\/p>\n<p>N.I.F.: B05412788<\/p>\n<p>Direcci\u00f3n: Villalba Herv\u00e1s, N\u00b0 9, Planta 8. Santa Cruz de Tenerife, Islas Canarias, Espa\u00f1a, 38001<\/p>\n<p>e-mail: <a href=\"mailto:info@aquateratlanico.com\">info@aquateratlanico.com<\/a><\/p>\n<p>contacto DPD: <a href=\"mailto:dpo@aquatera.co.uk\">dpo@aquatera.co.uk<\/a><\/td>\n<\/tr>\n<tr>\n<td><b>Purposes<\/b><\/td>\n<td>Contact Form: respond to the request for information through the contact form.<\/p>\n<p>Cookies: to maintain the registered User login, provide statistics associated with the use of the Page, location of our offices and anti-spam systems (captcha).<\/p>\n<p>Sending communications of a commercial nature &#8211; expressly requested.<\/td>\n<\/tr>\n<tr>\n<td><b>Legitimacy and retention <\/b><\/td>\n<td>The basis for the processing of the data corresponds to the consent given by the User when filling in the data, ticking the acceptance box and sending the form or information, subscribing to the sending The fields of the contact form marked with an asterisk (*) included on the Page are considered obligatory fields in order to deal with your request or the evaluation of the information that you wish to provide us with. Likewise, if you do not accept the installation of cookies, you will not be able to activate the Page\u2019s analytical services or view the location map of our offices. The contact details will be kept for as long as the relationship is maintained and you do not request their deletion. In relation to cookies, please consult our Cookies Policy to identify the validity of each cookie. The data associated with your interaction in the corporate profiles of social networks will be retained for the period of time that you enable in said social network to your publications.<\/td>\n<\/tr>\n<tr>\n<td><b>Recipients of international transfers and assignments<\/b><\/td>\n<td>There are no plans to transfer your data to third parties responsible for web analytics services. The Site has enabled Google Analytics services provided by Google LLC. Interaction with users through the use of this tool involves the international transfer of analytical and technical data relating to the Site. The transfer is made under the EU-US Privacy Shield agreement. \u2013 Information available at: <a href=\"https:\/\/www.privacyshield.gov\/participant?id=a2zt000000001L5AAI\">https:\/\/www.privacyshield.gov\/participant?id=a2zt000000001L5AAI<\/a>\u00a0 Aquatera Atl\u00e1ntico uses the social networks of Aquatera Limited including Twitter, Facebook, LinkedIn and YouTube. Interaction with users through the use of such profiles or tools involves the international transfer of data of an analytical and technical nature in relation to the Site and network profiles, and the data provided by users through such profiles is processed by the company on its servers.<\/td>\n<\/tr>\n<tr>\n<td><b>Rights of data subjects<\/b><\/td>\n<td>You may exercise your rights of access, rectification, erasure, portability, and limitation or opposition by writing to the address above. Data subjects have the right to withdraw the consent given. Data subjects have the right to complain to the Supervisory Authority (Spanish Data Protection Agency): <a href=\"http:\/\/www.agpd.es\">www.agpd.es<\/a><\/td>\n<\/tr>\n<\/tbody>\n<\/table>\n<p>&nbsp;<\/p>\n<p>The User shall be solely responsible for the veracity of the data provided to Aquatera Atl\u00e1ntico.<\/p>\n<p>Aquatera Atl\u00e1ntico adopts the technical and organisational measures necessary to guarantee the security of the personal data contained therein and to prevent their alteration, loss, unauthorised processing or access, taking into account the state of technology, the nature of the data and the risks to which they are exposed.<\/p>\n<p>The Site has the SSL Certificate (Secure Socket Layer), in order to guarantee the security of data transmission between your browser and our Site.<\/p>\n<p>The secure server establishes a connection so that the information is transmitted in encrypted form, which ensures that it is only intelligible to the User\u2019s device and that of the Site. Thus, by using the SSL protocol, it is guaranteed:<\/p>\n<ul>\n<li aria-level=\"1\">That the User is communicating their data to the Page\u2019s server centre and not to any other.<\/li>\n<li aria-level=\"1\">That between the User and the Site the data is transmitted in encrypted form, preventing its possible reading or manipulation by third parties.<\/li>\n<\/ul>\n<p>To verify that he\/she is in a secure environment, the Customer should check that the address of the Verification Page begins with https:\/\/<\/p>\n<p>You can also identify the Site as secure when a padlock icon appears in the address bar of your browser.<\/p>\n<p>Finally, you can also verify the presence of the SSL certificate by checking the properties of the Page in your browser, for which you should consult the characteristics of the certificate.<\/p>\n<p>Any changes made to the Privacy Policy and information management practices will be reflected in a timely manner, and Aquatera Atl\u00e1ntico may add, modify or delete such privacy policy as it deems necessary.<\/p>\n<p>Under no circumstances will Aquatera Atl\u00e1ntico modify policies or practices to make them less effective in protecting our clients\u2019 previously stored personal data without the prior consent of the clients concerned.<\/p>\n","protected":false},"excerpt":{"rendered":"<p>Privacy policy This Privacy Policy regulates, in general, the collection and processing by Aquatera Atl\u00e1ntico of (i) the personal data that you provide to us as a user of the&#8230;<\/p>\n","protected":false},"author":1,"featured_media":0,"parent":0,"menu_order":0,"comment_status":"closed","ping_status":"closed","template":"","meta":{"footnotes":""},"class_list":["post-757","page","type-page","status-publish"],"yoast_head":"<!-- This site is optimized with the Yoast SEO plugin v27.2 - https:\/\/yoast.com\/product\/yoast-seo-wordpress\/ -->\n<title>Privacy policy - Aquatera Atl\u00e1ntico - Consultor\u00eda medioambiental<\/title>\n<meta name=\"description\" content=\"Especializada en apoyo medioambiental y operativo para actividades marinas, costeras y terrestres. Servicios de consultor\u00eda medioambiental, t\u00e9cnica, y operaciones marinas para sectores de la econom\u00eda azul\" \/>\n<meta name=\"robots\" content=\"noindex, nofollow\" \/>\n<meta property=\"og:locale\" content=\"en_US\" \/>\n<meta property=\"og:type\" content=\"article\" \/>\n<meta property=\"og:title\" content=\"Privacy policy - Aquatera Atl\u00e1ntico - Consultor\u00eda medioambiental\" \/>\n<meta property=\"og:description\" content=\"Especializada en apoyo medioambiental y operativo para actividades marinas, costeras y terrestres. Servicios de consultor\u00eda medioambiental, t\u00e9cnica, y operaciones marinas para sectores de la econom\u00eda azul\" \/>\n<meta property=\"og:url\" content=\"https:\/\/aquateratlantico.eu\/en\/privacy-policy\/\" \/>\n<meta property=\"og:site_name\" content=\"Aquatera Atl\u00e1ntico - Consultor\u00eda medioambiental\" \/>\n<meta property=\"article:publisher\" content=\"https:\/\/www.facebook.com\/AquateraLtd\/\" \/>\n<meta property=\"article:modified_time\" content=\"2023-12-12T10:27:40+00:00\" \/>\n<meta name=\"twitter:card\" content=\"summary_large_image\" \/>\n<meta name=\"twitter:site\" content=\"@AquateraLtd\" \/>\n<meta name=\"twitter:label1\" content=\"Est. reading time\" \/>\n\t<meta name=\"twitter:data1\" content=\"7 minutes\" \/>\n<script type=\"application\/ld+json\" class=\"yoast-schema-graph\">{\"@context\":\"https:\/\/schema.org\",\"@graph\":[{\"@type\":\"WebPage\",\"@id\":\"https:\/\/aquateratlantico.eu\/en\/privacy-policy\/\",\"url\":\"https:\/\/aquateratlantico.eu\/en\/privacy-policy\/\",\"name\":\"Privacy policy - Aquatera Atl\u00e1ntico - Consultor\u00eda medioambiental\",\"isPartOf\":{\"@id\":\"https:\/\/aquateratlantico.eu\/#website\"},\"datePublished\":\"2023-10-24T11:27:57+00:00\",\"dateModified\":\"2023-12-12T10:27:40+00:00\",\"description\":\"Especializada en apoyo medioambiental y operativo para actividades marinas, costeras y terrestres. Servicios de consultor\u00eda medioambiental, t\u00e9cnica, y operaciones marinas para sectores de la econom\u00eda azul\",\"breadcrumb\":{\"@id\":\"https:\/\/aquateratlantico.eu\/en\/privacy-policy\/#breadcrumb\"},\"inLanguage\":\"en-US\",\"potentialAction\":[{\"@type\":\"ReadAction\",\"target\":[\"https:\/\/aquateratlantico.eu\/en\/privacy-policy\/\"]}]},{\"@type\":\"BreadcrumbList\",\"@id\":\"https:\/\/aquateratlantico.eu\/en\/privacy-policy\/#breadcrumb\",\"itemListElement\":[{\"@type\":\"ListItem\",\"position\":1,\"name\":\"Portada\",\"item\":\"https:\/\/aquateratlantico.eu\/en\/\"},{\"@type\":\"ListItem\",\"position\":2,\"name\":\"Privacy policy\"}]},{\"@type\":\"WebSite\",\"@id\":\"https:\/\/aquateratlantico.eu\/#website\",\"url\":\"https:\/\/aquateratlantico.eu\/\",\"name\":\"Aquatera - Environmental services and products\",\"description\":\"Especializada en apoyo medioambiental y operativo para actividades marinas, costeras y terrestres\",\"publisher\":{\"@id\":\"https:\/\/aquateratlantico.eu\/#organization\"},\"potentialAction\":[{\"@type\":\"SearchAction\",\"target\":{\"@type\":\"EntryPoint\",\"urlTemplate\":\"https:\/\/aquateratlantico.eu\/?s={search_term_string}\"},\"query-input\":{\"@type\":\"PropertyValueSpecification\",\"valueRequired\":true,\"valueName\":\"search_term_string\"}}],\"inLanguage\":\"en-US\"},{\"@type\":\"Organization\",\"@id\":\"https:\/\/aquateratlantico.eu\/#organization\",\"name\":\"Aquatera - Environmental services and products\",\"url\":\"https:\/\/aquateratlantico.eu\/\",\"logo\":{\"@type\":\"ImageObject\",\"inLanguage\":\"en-US\",\"@id\":\"https:\/\/aquateratlantico.eu\/#\/schema\/logo\/image\/\",\"url\":\"https:\/\/aquateratlantico.eu\/wp-content\/uploads\/2023\/10\/logo.png\",\"contentUrl\":\"https:\/\/aquateratlantico.eu\/wp-content\/uploads\/2023\/10\/logo.png\",\"width\":400,\"height\":76,\"caption\":\"Aquatera - Environmental services and products\"},\"image\":{\"@id\":\"https:\/\/aquateratlantico.eu\/#\/schema\/logo\/image\/\"},\"sameAs\":[\"https:\/\/www.facebook.com\/AquateraLtd\/\",\"https:\/\/x.com\/AquateraLtd\",\"https:\/\/www.linkedin.com\/company\/aquatera-limited\/\"]}]}<\/script>\n<!-- \/ Yoast SEO plugin. -->","yoast_head_json":{"title":"Privacy policy - Aquatera Atl\u00e1ntico - Consultor\u00eda medioambiental","description":"Especializada en apoyo medioambiental y operativo para actividades marinas, costeras y terrestres. Servicios de consultor\u00eda medioambiental, t\u00e9cnica, y operaciones marinas para sectores de la econom\u00eda azul","robots":{"index":"noindex","follow":"nofollow"},"og_locale":"en_US","og_type":"article","og_title":"Privacy policy - Aquatera Atl\u00e1ntico - Consultor\u00eda medioambiental","og_description":"Especializada en apoyo medioambiental y operativo para actividades marinas, costeras y terrestres. Servicios de consultor\u00eda medioambiental, t\u00e9cnica, y operaciones marinas para sectores de la econom\u00eda azul","og_url":"https:\/\/aquateratlantico.eu\/en\/privacy-policy\/","og_site_name":"Aquatera Atl\u00e1ntico - Consultor\u00eda medioambiental","article_publisher":"https:\/\/www.facebook.com\/AquateraLtd\/","article_modified_time":"2023-12-12T10:27:40+00:00","twitter_card":"summary_large_image","twitter_site":"@AquateraLtd","twitter_misc":{"Est. reading time":"7 minutes"},"schema":{"@context":"https:\/\/schema.org","@graph":[{"@type":"WebPage","@id":"https:\/\/aquateratlantico.eu\/en\/privacy-policy\/","url":"https:\/\/aquateratlantico.eu\/en\/privacy-policy\/","name":"Privacy policy - Aquatera Atl\u00e1ntico - Consultor\u00eda medioambiental","isPartOf":{"@id":"https:\/\/aquateratlantico.eu\/#website"},"datePublished":"2023-10-24T11:27:57+00:00","dateModified":"2023-12-12T10:27:40+00:00","description":"Especializada en apoyo medioambiental y operativo para actividades marinas, costeras y terrestres. Servicios de consultor\u00eda medioambiental, t\u00e9cnica, y operaciones marinas para sectores de la econom\u00eda azul","breadcrumb":{"@id":"https:\/\/aquateratlantico.eu\/en\/privacy-policy\/#breadcrumb"},"inLanguage":"en-US","potentialAction":[{"@type":"ReadAction","target":["https:\/\/aquateratlantico.eu\/en\/privacy-policy\/"]}]},{"@type":"BreadcrumbList","@id":"https:\/\/aquateratlantico.eu\/en\/privacy-policy\/#breadcrumb","itemListElement":[{"@type":"ListItem","position":1,"name":"Portada","item":"https:\/\/aquateratlantico.eu\/en\/"},{"@type":"ListItem","position":2,"name":"Privacy policy"}]},{"@type":"WebSite","@id":"https:\/\/aquateratlantico.eu\/#website","url":"https:\/\/aquateratlantico.eu\/","name":"Aquatera - Environmental services and products","description":"Especializada en apoyo medioambiental y operativo para actividades marinas, costeras y terrestres","publisher":{"@id":"https:\/\/aquateratlantico.eu\/#organization"},"potentialAction":[{"@type":"SearchAction","target":{"@type":"EntryPoint","urlTemplate":"https:\/\/aquateratlantico.eu\/?s={search_term_string}"},"query-input":{"@type":"PropertyValueSpecification","valueRequired":true,"valueName":"search_term_string"}}],"inLanguage":"en-US"},{"@type":"Organization","@id":"https:\/\/aquateratlantico.eu\/#organization","name":"Aquatera - Environmental services and products","url":"https:\/\/aquateratlantico.eu\/","logo":{"@type":"ImageObject","inLanguage":"en-US","@id":"https:\/\/aquateratlantico.eu\/#\/schema\/logo\/image\/","url":"https:\/\/aquateratlantico.eu\/wp-content\/uploads\/2023\/10\/logo.png","contentUrl":"https:\/\/aquateratlantico.eu\/wp-content\/uploads\/2023\/10\/logo.png","width":400,"height":76,"caption":"Aquatera - Environmental services and products"},"image":{"@id":"https:\/\/aquateratlantico.eu\/#\/schema\/logo\/image\/"},"sameAs":["https:\/\/www.facebook.com\/AquateraLtd\/","https:\/\/x.com\/AquateraLtd","https:\/\/www.linkedin.com\/company\/aquatera-limited\/"]}]}},"_links":{"self":[{"href":"https:\/\/aquateratlantico.eu\/en\/wp-json\/wp\/v2\/pages\/757","targetHints":{"allow":["GET"]}}],"collection":[{"href":"https:\/\/aquateratlantico.eu\/en\/wp-json\/wp\/v2\/pages"}],"about":[{"href":"https:\/\/aquateratlantico.eu\/en\/wp-json\/wp\/v2\/types\/page"}],"author":[{"embeddable":true,"href":"https:\/\/aquateratlantico.eu\/en\/wp-json\/wp\/v2\/users\/1"}],"replies":[{"embeddable":true,"href":"https:\/\/aquateratlantico.eu\/en\/wp-json\/wp\/v2\/comments?post=757"}],"version-history":[{"count":1,"href":"https:\/\/aquateratlantico.eu\/en\/wp-json\/wp\/v2\/pages\/757\/revisions"}],"predecessor-version":[{"id":759,"href":"https:\/\/aquateratlantico.eu\/en\/wp-json\/wp\/v2\/pages\/757\/revisions\/759"}],"wp:attachment":[{"href":"https:\/\/aquateratlantico.eu\/en\/wp-json\/wp\/v2\/media?parent=757"}],"curies":[{"name":"wp","href":"https:\/\/api.w.org\/{rel}","templated":true}]}}