{"id":773,"date":"2023-12-04T12:45:54","date_gmt":"2023-12-04T11:45:54","guid":{"rendered":"https:\/\/aquateratlantico.eu\/energies\/"},"modified":"2026-03-20T12:58:39","modified_gmt":"2026-03-20T11:58:39","slug":"energies","status":"publish","type":"page","link":"https:\/\/aquateratlantico.eu\/en\/energies\/","title":{"rendered":"Energy"},"content":{"rendered":"[vc_row type=&#8221;in_container&#8221; full_screen_row_position=&#8221;middle&#8221; column_margin=&#8221;default&#8221; column_direction=&#8221;default&#8221; column_direction_tablet=&#8221;default&#8221; column_direction_phone=&#8221;default&#8221; scene_position=&#8221;center&#8221; bottom_padding=&#8221;100px&#8221; text_color=&#8221;dark&#8221; text_align=&#8221;left&#8221; row_border_radius=&#8221;none&#8221; row_border_radius_applies=&#8221;bg&#8221; row_position_desktop=&#8221;default&#8221; row_position_tablet=&#8221;inherit&#8221; row_position_phone=&#8221;inherit&#8221; overflow=&#8221;visible&#8221; overlay_strength=&#8221;0.3&#8243; gradient_direction=&#8221;left_to_right&#8221; shape_divider_position=&#8221;bottom&#8221; bg_image_animation=&#8221;none&#8221; gradient_type=&#8221;default&#8221; shape_type=&#8221;&#8221;][vc_column column_padding=&#8221;no-extra-padding&#8221; column_padding_tablet=&#8221;inherit&#8221; column_padding_phone=&#8221;inherit&#8221; column_padding_position=&#8221;all&#8221; flex_gap_desktop=&#8221;10px&#8221; column_element_direction_desktop=&#8221;default&#8221; column_element_spacing=&#8221;default&#8221; desktop_text_alignment=&#8221;default&#8221; tablet_text_alignment=&#8221;default&#8221; phone_text_alignment=&#8221;default&#8221; background_color_opacity=&#8221;1&#8243; background_hover_color_opacity=&#8221;1&#8243; column_backdrop_filter=&#8221;none&#8221; column_shadow=&#8221;none&#8221; column_border_radius=&#8221;none&#8221; column_link_target=&#8221;_self&#8221; column_position=&#8221;default&#8221; gradient_direction=&#8221;left_to_right&#8221; overlay_strength=&#8221;0.3&#8243; width=&#8221;1\/1&#8243; tablet_width_inherit=&#8221;default&#8221; animation_type=&#8221;default&#8221; bg_image_animation=&#8221;none&#8221; border_type=&#8221;simple&#8221; column_border_width=&#8221;none&#8221; column_border_style=&#8221;solid&#8221;][vc_column_text]\n<h1 style=\"text-align: center;\"><span style=\"color: #014c87;\">Energy<\/span><\/h1>\n[\/vc_column_text][\/vc_column][\/vc_row][vc_row type=&#8221;in_container&#8221; full_screen_row_position=&#8221;middle&#8221; column_margin=&#8221;default&#8221; column_direction=&#8221;default&#8221; column_direction_tablet=&#8221;default&#8221; column_direction_phone=&#8221;default&#8221; scene_position=&#8221;center&#8221; bottom_padding=&#8221;100px&#8221; text_color=&#8221;dark&#8221; text_align=&#8221;left&#8221; row_border_radius=&#8221;none&#8221; row_border_radius_applies=&#8221;bg&#8221; row_position_desktop=&#8221;default&#8221; row_position_tablet=&#8221;inherit&#8221; row_position_phone=&#8221;inherit&#8221; overflow=&#8221;visible&#8221; overlay_strength=&#8221;0.3&#8243; gradient_direction=&#8221;left_to_right&#8221; shape_divider_position=&#8221;bottom&#8221; bg_image_animation=&#8221;none&#8221; gradient_type=&#8221;default&#8221; shape_type=&#8221;&#8221;][vc_column column_padding=&#8221;no-extra-padding&#8221; column_padding_tablet=&#8221;inherit&#8221; column_padding_phone=&#8221;inherit&#8221; column_padding_position=&#8221;all&#8221; column_element_direction_desktop=&#8221;default&#8221; column_element_spacing=&#8221;default&#8221; desktop_text_alignment=&#8221;default&#8221; tablet_text_alignment=&#8221;default&#8221; phone_text_alignment=&#8221;default&#8221; background_color_opacity=&#8221;1&#8243; background_hover_color_opacity=&#8221;1&#8243; column_backdrop_filter=&#8221;none&#8221; column_shadow=&#8221;none&#8221; column_border_radius=&#8221;none&#8221; column_link_target=&#8221;_self&#8221; column_position=&#8221;default&#8221; gradient_direction=&#8221;left_to_right&#8221; overlay_strength=&#8221;0.3&#8243; width=&#8221;1\/2&#8243; tablet_width_inherit=&#8221;default&#8221; animation_type=&#8221;default&#8221; bg_image_animation=&#8221;none&#8221; border_type=&#8221;simple&#8221; column_border_width=&#8221;none&#8221; column_border_style=&#8221;solid&#8221; column_padding_type=&#8221;default&#8221; column_link=&#8221;https:\/\/aquateratlantico.eu\/en\/blue-energy\/&#8221; gradient_type=&#8221;default&#8221; content_layout=&#8221;default&#8221;][image_with_animation image_url=&#8221;402&#8243; image_size=&#8221;full&#8221; max_width=&#8221;100%&#8221; max_width_mobile=&#8221;default&#8221; animation_type=&#8221;entrance&#8221; animation=&#8221;None&#8221; animation_movement_type=&#8221;transform_y&#8221; hover_animation=&#8221;none&#8221; alignment=&#8221;&#8221; border_radius=&#8221;10px&#8221; box_shadow=&#8221;none&#8221; image_loading=&#8221;default&#8221;][vc_column_text]\n<h5>Blue Energy<\/h5>\n[\/vc_column_text][\/vc_column][vc_column column_padding=&#8221;no-extra-padding&#8221; column_padding_tablet=&#8221;inherit&#8221; column_padding_phone=&#8221;inherit&#8221; column_padding_position=&#8221;all&#8221; column_element_direction_desktop=&#8221;default&#8221; column_element_spacing=&#8221;default&#8221; desktop_text_alignment=&#8221;default&#8221; tablet_text_alignment=&#8221;default&#8221; phone_text_alignment=&#8221;default&#8221; background_color_opacity=&#8221;1&#8243; background_hover_color_opacity=&#8221;1&#8243; column_backdrop_filter=&#8221;none&#8221; column_shadow=&#8221;none&#8221; column_border_radius=&#8221;none&#8221; column_link_target=&#8221;_self&#8221; column_position=&#8221;default&#8221; gradient_direction=&#8221;left_to_right&#8221; overlay_strength=&#8221;0.3&#8243; width=&#8221;1\/2&#8243; tablet_width_inherit=&#8221;default&#8221; animation_type=&#8221;default&#8221; bg_image_animation=&#8221;none&#8221; border_type=&#8221;simple&#8221; column_border_width=&#8221;none&#8221; column_border_style=&#8221;solid&#8221; column_padding_type=&#8221;default&#8221; column_link=&#8221;https:\/\/aquateratlantico.eu\/en\/hydrogen\/&#8221; gradient_type=&#8221;default&#8221; content_layout=&#8221;default&#8221;][image_with_animation image_url=&#8221;401&#8243; image_size=&#8221;full&#8221; max_width=&#8221;100%&#8221; max_width_mobile=&#8221;default&#8221; animation_type=&#8221;entrance&#8221; animation=&#8221;None&#8221; animation_movement_type=&#8221;transform_y&#8221; hover_animation=&#8221;none&#8221; alignment=&#8221;&#8221; border_radius=&#8221;10px&#8221; box_shadow=&#8221;none&#8221; image_loading=&#8221;default&#8221;][vc_column_text]\n<h5>Hydrogen<\/h5>\n[\/vc_column_text][\/vc_column][\/vc_row]\n","protected":false},"excerpt":{"rendered":"<p>[vc_row type=&#8221;in_container&#8221; full_screen_row_position=&#8221;middle&#8221; column_margin=&#8221;default&#8221; column_direction=&#8221;default&#8221; column_direction_tablet=&#8221;default&#8221; column_direction_phone=&#8221;default&#8221; scene_position=&#8221;center&#8221; bottom_padding=&#8221;100px&#8221; text_color=&#8221;dark&#8221; text_align=&#8221;left&#8221; row_border_radius=&#8221;none&#8221; row_border_radius_applies=&#8221;bg&#8221; row_position_desktop=&#8221;default&#8221; row_position_tablet=&#8221;inherit&#8221; row_position_phone=&#8221;inherit&#8221; overflow=&#8221;visible&#8221; overlay_strength=&#8221;0.3&#8243; gradient_direction=&#8221;left_to_right&#8221; shape_divider_position=&#8221;bottom&#8221; bg_image_animation=&#8221;none&#8221; gradient_type=&#8221;default&#8221; shape_type=&#8221;&#8221;][vc_column column_padding=&#8221;no-extra-padding&#8221; column_padding_tablet=&#8221;inherit&#8221; column_padding_phone=&#8221;inherit&#8221; column_padding_position=&#8221;all&#8221; flex_gap_desktop=&#8221;10px&#8221; column_element_direction_desktop=&#8221;default&#8221; column_element_spacing=&#8221;default&#8221;&#8230;<\/p>\n","protected":false},"author":1,"featured_media":0,"parent":0,"menu_order":0,"comment_status":"closed","ping_status":"closed","template":"","meta":{"footnotes":""},"class_list":["post-773","page","type-page","status-publish"],"yoast_head":"<!-- This site is optimized with the Yoast SEO plugin v27.2 - https:\/\/yoast.com\/product\/yoast-seo-wordpress\/ -->\n<title>Energy - Aquatera Atl\u00e1ntico - Consultor\u00eda medioambiental<\/title>\n<meta name=\"description\" content=\"Especializada en apoyo medioambiental y operativo para actividades marinas, costeras y terrestres. Servicios de consultor\u00eda medioambiental, t\u00e9cnica, y operaciones marinas para sectores de la econom\u00eda azul\" \/>\n<meta name=\"robots\" content=\"index, follow, max-snippet:-1, max-image-preview:large, max-video-preview:-1\" \/>\n<link rel=\"canonical\" href=\"https:\/\/aquateratlantico.eu\/en\/energies\/\" \/>\n<meta property=\"og:locale\" content=\"en_US\" \/>\n<meta property=\"og:type\" content=\"article\" \/>\n<meta property=\"og:title\" content=\"Energy - Aquatera Atl\u00e1ntico - Consultor\u00eda medioambiental\" \/>\n<meta property=\"og:description\" content=\"Especializada en apoyo medioambiental y operativo para actividades marinas, costeras y terrestres. Servicios de consultor\u00eda medioambiental, t\u00e9cnica, y operaciones marinas para sectores de la econom\u00eda azul\" \/>\n<meta property=\"og:url\" content=\"https:\/\/aquateratlantico.eu\/en\/energies\/\" \/>\n<meta property=\"og:site_name\" content=\"Aquatera Atl\u00e1ntico - Consultor\u00eda medioambiental\" \/>\n<meta property=\"article:publisher\" content=\"https:\/\/www.facebook.com\/AquateraLtd\/\" \/>\n<meta property=\"article:modified_time\" content=\"2026-03-20T11:58:39+00:00\" \/>\n<meta name=\"twitter:card\" content=\"summary_large_image\" \/>\n<meta name=\"twitter:site\" content=\"@AquateraLtd\" \/>\n<meta name=\"twitter:label1\" content=\"Est. reading time\" \/>\n\t<meta name=\"twitter:data1\" content=\"1 minute\" \/>\n<script type=\"application\/ld+json\" class=\"yoast-schema-graph\">{\"@context\":\"https:\/\/schema.org\",\"@graph\":[{\"@type\":\"WebPage\",\"@id\":\"https:\/\/aquateratlantico.eu\/en\/energies\/\",\"url\":\"https:\/\/aquateratlantico.eu\/en\/energies\/\",\"name\":\"Energy - Aquatera Atl\u00e1ntico - Consultor\u00eda medioambiental\",\"isPartOf\":{\"@id\":\"https:\/\/aquateratlantico.eu\/#website\"},\"datePublished\":\"2023-12-04T11:45:54+00:00\",\"dateModified\":\"2026-03-20T11:58:39+00:00\",\"description\":\"Especializada en apoyo medioambiental y operativo para actividades marinas, costeras y terrestres. Servicios de consultor\u00eda medioambiental, t\u00e9cnica, y operaciones marinas para sectores de la econom\u00eda azul\",\"breadcrumb\":{\"@id\":\"https:\/\/aquateratlantico.eu\/en\/energies\/#breadcrumb\"},\"inLanguage\":\"en-US\",\"potentialAction\":[{\"@type\":\"ReadAction\",\"target\":[\"https:\/\/aquateratlantico.eu\/en\/energies\/\"]}]},{\"@type\":\"BreadcrumbList\",\"@id\":\"https:\/\/aquateratlantico.eu\/en\/energies\/#breadcrumb\",\"itemListElement\":[{\"@type\":\"ListItem\",\"position\":1,\"name\":\"Portada\",\"item\":\"https:\/\/aquateratlantico.eu\/en\/\"},{\"@type\":\"ListItem\",\"position\":2,\"name\":\"Energy\"}]},{\"@type\":\"WebSite\",\"@id\":\"https:\/\/aquateratlantico.eu\/#website\",\"url\":\"https:\/\/aquateratlantico.eu\/\",\"name\":\"Aquatera - Environmental services and products\",\"description\":\"Especializada en apoyo medioambiental y operativo para actividades marinas, costeras y terrestres\",\"publisher\":{\"@id\":\"https:\/\/aquateratlantico.eu\/#organization\"},\"potentialAction\":[{\"@type\":\"SearchAction\",\"target\":{\"@type\":\"EntryPoint\",\"urlTemplate\":\"https:\/\/aquateratlantico.eu\/?s={search_term_string}\"},\"query-input\":{\"@type\":\"PropertyValueSpecification\",\"valueRequired\":true,\"valueName\":\"search_term_string\"}}],\"inLanguage\":\"en-US\"},{\"@type\":\"Organization\",\"@id\":\"https:\/\/aquateratlantico.eu\/#organization\",\"name\":\"Aquatera - Environmental services and products\",\"url\":\"https:\/\/aquateratlantico.eu\/\",\"logo\":{\"@type\":\"ImageObject\",\"inLanguage\":\"en-US\",\"@id\":\"https:\/\/aquateratlantico.eu\/#\/schema\/logo\/image\/\",\"url\":\"https:\/\/aquateratlantico.eu\/wp-content\/uploads\/2023\/10\/logo.png\",\"contentUrl\":\"https:\/\/aquateratlantico.eu\/wp-content\/uploads\/2023\/10\/logo.png\",\"width\":400,\"height\":76,\"caption\":\"Aquatera - Environmental services and products\"},\"image\":{\"@id\":\"https:\/\/aquateratlantico.eu\/#\/schema\/logo\/image\/\"},\"sameAs\":[\"https:\/\/www.facebook.com\/AquateraLtd\/\",\"https:\/\/x.com\/AquateraLtd\",\"https:\/\/www.linkedin.com\/company\/aquatera-limited\/\"]}]}<\/script>\n<!-- \/ Yoast SEO plugin. -->","yoast_head_json":{"title":"Energy - Aquatera Atl\u00e1ntico - Consultor\u00eda medioambiental","description":"Especializada en apoyo medioambiental y operativo para actividades marinas, costeras y terrestres. Servicios de consultor\u00eda medioambiental, t\u00e9cnica, y operaciones marinas para sectores de la econom\u00eda azul","robots":{"index":"index","follow":"follow","max-snippet":"max-snippet:-1","max-image-preview":"max-image-preview:large","max-video-preview":"max-video-preview:-1"},"canonical":"https:\/\/aquateratlantico.eu\/en\/energies\/","og_locale":"en_US","og_type":"article","og_title":"Energy - Aquatera Atl\u00e1ntico - Consultor\u00eda medioambiental","og_description":"Especializada en apoyo medioambiental y operativo para actividades marinas, costeras y terrestres. Servicios de consultor\u00eda medioambiental, t\u00e9cnica, y operaciones marinas para sectores de la econom\u00eda azul","og_url":"https:\/\/aquateratlantico.eu\/en\/energies\/","og_site_name":"Aquatera Atl\u00e1ntico - Consultor\u00eda medioambiental","article_publisher":"https:\/\/www.facebook.com\/AquateraLtd\/","article_modified_time":"2026-03-20T11:58:39+00:00","twitter_card":"summary_large_image","twitter_site":"@AquateraLtd","twitter_misc":{"Est. reading time":"1 minute"},"schema":{"@context":"https:\/\/schema.org","@graph":[{"@type":"WebPage","@id":"https:\/\/aquateratlantico.eu\/en\/energies\/","url":"https:\/\/aquateratlantico.eu\/en\/energies\/","name":"Energy - Aquatera Atl\u00e1ntico - Consultor\u00eda medioambiental","isPartOf":{"@id":"https:\/\/aquateratlantico.eu\/#website"},"datePublished":"2023-12-04T11:45:54+00:00","dateModified":"2026-03-20T11:58:39+00:00","description":"Especializada en apoyo medioambiental y operativo para actividades marinas, costeras y terrestres. Servicios de consultor\u00eda medioambiental, t\u00e9cnica, y operaciones marinas para sectores de la econom\u00eda azul","breadcrumb":{"@id":"https:\/\/aquateratlantico.eu\/en\/energies\/#breadcrumb"},"inLanguage":"en-US","potentialAction":[{"@type":"ReadAction","target":["https:\/\/aquateratlantico.eu\/en\/energies\/"]}]},{"@type":"BreadcrumbList","@id":"https:\/\/aquateratlantico.eu\/en\/energies\/#breadcrumb","itemListElement":[{"@type":"ListItem","position":1,"name":"Portada","item":"https:\/\/aquateratlantico.eu\/en\/"},{"@type":"ListItem","position":2,"name":"Energy"}]},{"@type":"WebSite","@id":"https:\/\/aquateratlantico.eu\/#website","url":"https:\/\/aquateratlantico.eu\/","name":"Aquatera - Environmental services and products","description":"Especializada en apoyo medioambiental y operativo para actividades marinas, costeras y terrestres","publisher":{"@id":"https:\/\/aquateratlantico.eu\/#organization"},"potentialAction":[{"@type":"SearchAction","target":{"@type":"EntryPoint","urlTemplate":"https:\/\/aquateratlantico.eu\/?s={search_term_string}"},"query-input":{"@type":"PropertyValueSpecification","valueRequired":true,"valueName":"search_term_string"}}],"inLanguage":"en-US"},{"@type":"Organization","@id":"https:\/\/aquateratlantico.eu\/#organization","name":"Aquatera - Environmental services and products","url":"https:\/\/aquateratlantico.eu\/","logo":{"@type":"ImageObject","inLanguage":"en-US","@id":"https:\/\/aquateratlantico.eu\/#\/schema\/logo\/image\/","url":"https:\/\/aquateratlantico.eu\/wp-content\/uploads\/2023\/10\/logo.png","contentUrl":"https:\/\/aquateratlantico.eu\/wp-content\/uploads\/2023\/10\/logo.png","width":400,"height":76,"caption":"Aquatera - Environmental services and products"},"image":{"@id":"https:\/\/aquateratlantico.eu\/#\/schema\/logo\/image\/"},"sameAs":["https:\/\/www.facebook.com\/AquateraLtd\/","https:\/\/x.com\/AquateraLtd","https:\/\/www.linkedin.com\/company\/aquatera-limited\/"]}]}},"_links":{"self":[{"href":"https:\/\/aquateratlantico.eu\/en\/wp-json\/wp\/v2\/pages\/773","targetHints":{"allow":["GET"]}}],"collection":[{"href":"https:\/\/aquateratlantico.eu\/en\/wp-json\/wp\/v2\/pages"}],"about":[{"href":"https:\/\/aquateratlantico.eu\/en\/wp-json\/wp\/v2\/types\/page"}],"author":[{"embeddable":true,"href":"https:\/\/aquateratlantico.eu\/en\/wp-json\/wp\/v2\/users\/1"}],"replies":[{"embeddable":true,"href":"https:\/\/aquateratlantico.eu\/en\/wp-json\/wp\/v2\/comments?post=773"}],"version-history":[{"count":17,"href":"https:\/\/aquateratlantico.eu\/en\/wp-json\/wp\/v2\/pages\/773\/revisions"}],"predecessor-version":[{"id":869,"href":"https:\/\/aquateratlantico.eu\/en\/wp-json\/wp\/v2\/pages\/773\/revisions\/869"}],"wp:attachment":[{"href":"https:\/\/aquateratlantico.eu\/en\/wp-json\/wp\/v2\/media?parent=773"}],"curies":[{"name":"wp","href":"https:\/\/api.w.org\/{rel}","templated":true}]}}